{"id":596,"date":"2022-09-26T15:56:11","date_gmt":"2022-09-26T15:56:11","guid":{"rendered":"https:\/\/www.kaiser-vision.de\/?page_id=596"},"modified":"2023-04-25T14:00:34","modified_gmt":"2023-04-25T14:00:34","slug":"kvclosure","status":"publish","type":"page","link":"https:\/\/www.kaiser-vision.de\/en\/kvclosure\/","title":{"rendered":"kvClosure"},"content":{"rendered":"\n<div class=\"wp-block-cover alignfull has-custom-content-position is-position-center-left\" style=\"min-height:200px;aspect-ratio:unset;\"><span aria-hidden=\"true\" class=\"wp-block-cover__background has-background-dim-0 has-background-dim\"><\/span><img loading=\"lazy\" decoding=\"async\" width=\"1920\" height=\"300\" class=\"wp-block-cover__image-background wp-image-599\" alt=\"Pr\u00fcfung von Verschlussetiketten mit kvClosure\" src=\"https:\/\/www.kaiser-vision.de\/wp-content\/uploads\/2022\/09\/kvClosure_Header.jpg\" data-object-fit=\"cover\" srcset=\"https:\/\/www.kaiser-vision.de\/wp-content\/uploads\/2022\/09\/kvClosure_Header.jpg 1920w, https:\/\/www.kaiser-vision.de\/wp-content\/uploads\/2022\/09\/kvClosure_Header-300x47.jpg 300w, https:\/\/www.kaiser-vision.de\/wp-content\/uploads\/2022\/09\/kvClosure_Header-1024x160.jpg 1024w, https:\/\/www.kaiser-vision.de\/wp-content\/uploads\/2022\/09\/kvClosure_Header-768x120.jpg 768w, https:\/\/www.kaiser-vision.de\/wp-content\/uploads\/2022\/09\/kvClosure_Header-1536x240.jpg 1536w, https:\/\/www.kaiser-vision.de\/wp-content\/uploads\/2022\/09\/kvClosure_Header-18x3.jpg 18w\" sizes=\"auto, (max-width: 1920px) 100vw, 1920px\" \/><div class=\"wp-block-cover__inner-container is-layout-flow wp-block-cover-is-layout-flow\">\n<div id=\"section-g0280aa\" class=\"wp-block-gutentor-e1 section-g0280aa gutentor-element gutentor-element-advanced-text enable-title-design\"><div class=\"gutentor-text-wrap divider-top\"><div class=\"gutentor-separator gutentor-separator-before\"><span><\/span><\/div><h1 class=\"gutentor-text\">kvClosure<\/h1><\/div><\/div>\n\n\n\n<div id=\"section-gd8e0a9\" class=\"wp-block-gutentor-e1 section-gd8e0a9 gutentor-element gutentor-element-advanced-text\"><div class=\"gutentor-text-wrap\"><h5 class=\"gutentor-text\">Intelligentes System zur Anwesenheitspr\u00fcfung von Verschlussetiketten,<br>sichere Ergebnisse auch unter konstruktiv anspruchsvollen Gegebenheiten<\/h5><\/div><\/div>\n<\/div><\/div>\n\n\n\n<div id=\"section-g41cbba\" class=\"wp-block-gutentor-e1 section-g41cbba gutentor-element gutentor-element-advanced-text\"><div class=\"gutentor-text-wrap\"><h2 class=\"gutentor-text\">Details<\/h2><\/div><\/div>\n\n\n\n<section id=\"gmc9598ef\" class=\"wp-block-gutentor-m4 section-gmc9598ef gutentor-module gutentor-advanced-columns\"><div class=\"grid-container\"><div class=\"grid-row\">\n<div id=\"col-gmc489d3\" class=\"wp-block-gutentor-m4-col col-gmc489d3 gutentor-single-column  grid-lg-4 grid-md-12 grid-12\"><div id=\"section-gmc489d3\" class=\"section-gmc489d3 gutentor-col-wrap\">\n<div id=\"section-g16016d\" class=\"wp-block-gutentor-e6 section-g16016d gutentor-element gutentor-element-image\"><div class=\"gutentor-element-image-box\"><div class=\"gutentor-image-thumb\"><img decoding=\"async\" class=\"normal-image\" src=\"https:\/\/www.kaiser-vision.de\/wp-content\/uploads\/2022\/09\/kvClosure_Funktion.jpg\" alt=\"Einbau des Systems kvClosure zur Pr\u00fcfung von Verschlussetiketten an einer Falzmaschine\"\/><\/div><\/div><\/div>\n<\/div><\/div>\n\n\n\n<div id=\"col-gma07b96\" class=\"wp-block-gutentor-m4-col col-gma07b96 gutentor-single-column  grid-lg-8 grid-md-12 grid-12\"><div id=\"section-gma07b96\" class=\"section-gma07b96 gutentor-col-wrap\">\n<div id=\"section-g624508\" class=\"wp-block-gutentor-e1 section-g624508 gutentor-element gutentor-element-advanced-text\"><div class=\"gutentor-text-wrap\"><h3 class=\"gutentor-text\">Funktionalit\u00e4t<\/h3><\/div><\/div>\n\n\n\n<div id=\"section-g273aae\" class=\"wp-block-gutentor-e1 section-g273aae gutentor-element gutentor-element-advanced-text\"><div class=\"gutentor-text-wrap\"><p class=\"gutentor-text\">Das System kvClosure f\u00fchrt eine automatische visuelle Pr\u00fcfung der Anwesenheit eines Verschlussetiketts (bspw. am gefalzten Produkt) durch. Jedes durch die Maschine laufende Produkt wird dieser Pr\u00fcfung unterzogen. Pr\u00fcfkriterien sind Breite, L\u00e4nge und Fl\u00e4che des Verschlussetiketts, sowie dessen Platzierung relativ zur Produktkante (in Transportrichtung). F\u00fcr diese Kriterien k\u00f6nnen (im Rahmen des technisch M\u00f6glichen) Grenzwerte bzw. Pr\u00fcfschwellen vergeben werden.<\/p><\/div><\/div>\n<\/div><\/div>\n<\/div><\/div><\/section>\n\n\n\n<section id=\"gm4cfb507\" class=\"wp-block-gutentor-m4 section-gm4cfb507 gutentor-module gutentor-advanced-columns\"><div class=\"grid-container\"><div class=\"grid-row\">\n<div id=\"col-gm0e7811\" class=\"wp-block-gutentor-m4-col col-gm0e7811 gutentor-single-column  grid-lg-8 grid-md-12 grid-12\"><div id=\"section-gm0e7811\" class=\"section-gm0e7811 gutentor-col-wrap\">\n<div id=\"section-g599310\" class=\"wp-block-gutentor-e1 section-g599310 gutentor-element gutentor-element-advanced-text\"><div class=\"gutentor-text-wrap\"><h3 class=\"gutentor-text\">Umsetzung &amp; Bedienung<\/h3><\/div><\/div>\n\n\n\n<div id=\"section-g19ee88\" class=\"wp-block-gutentor-e1 section-g19ee88 gutentor-element gutentor-element-advanced-text\"><div class=\"gutentor-text-wrap\"><p class=\"gutentor-text\">Dank ausgekl\u00fcgelter Beleuchtung kann eine optimale Bildaufnahme erzielt werden. Der eindeutig erkennbare Kontrastunterschied (s. Bild) ist sehr gut auswertbar und erm\u00f6glicht eine sichere automatische Anwesenheitspr\u00fcfung der Verschlussetiketten.<br>Mittels einer intuitiven grafischen Benutzeroberfl\u00e4che mit Touch-Bedienung wird eine Pr\u00fcfung eingerichtet bzw. angepasst. Zudem werden dar\u00fcber alle relevanten Pr\u00fcfergebnisse \u00fcbersichtlich angezeigt.<\/p><\/div><\/div>\n<\/div><\/div>\n\n\n\n<div id=\"col-gmec3be4\" class=\"wp-block-gutentor-m4-col col-gmec3be4 gutentor-single-column  grid-lg-4 grid-md-12 grid-12\"><div id=\"section-gmec3be4\" class=\"section-gmec3be4 gutentor-col-wrap\">\n<div id=\"section-g673c12\" class=\"wp-block-gutentor-e6 section-g673c12 gutentor-element gutentor-element-image\"><div class=\"gutentor-element-image-box\"><div class=\"gutentor-image-thumb\"><img decoding=\"async\" class=\"normal-image\" src=\"https:\/\/www.kaiser-vision.de\/wp-content\/uploads\/2022\/09\/kvClosure_Bedienung.jpg\" alt=\"Bedienoberfl\u00e4che von kvClosure zur Inspektion der Verschlussetiketten\"\/><\/div><\/div><\/div>\n<\/div><\/div>\n<\/div><\/div><\/section>\n\n\n\n<div id=\"section-g534019\" class=\"wp-block-gutentor-e1 section-g534019 gutentor-element gutentor-element-advanced-text\"><div class=\"gutentor-text-wrap\"><h2 class=\"gutentor-text\">Wir freuen uns auf Ihre Anfrage!<\/h2><\/div><\/div>\n\n\n\n<div id=\"section-g9066a8\" class=\"wp-block-gutentor-e1 section-g9066a8 gutentor-element gutentor-element-advanced-text\"><div class=\"gutentor-text-wrap\"><p class=\"gutentor-text\">Interessiert an kvClosure? F\u00fcllen Sie einfach das nachfolgende Kontaktformular aus, wir melden uns bei Ihnen. Alternativ erreichen Sie uns nat\u00fcrlich auch per Telefon oder E-Mail.<\/p><\/div><\/div>\n\n\n<div class=\"wpforms-container wpforms-container-full wpforms-block wpforms-block-cfcd3086-36b3-440f-b1c0-f9ba16715c07\" id=\"wpforms-618\"><form id=\"wpforms-form-618\" class=\"wpforms-validate wpforms-form\" data-formid=\"618\" method=\"post\" enctype=\"multipart\/form-data\" action=\"\/en\/wp-json\/wp\/v2\/pages\/596\" data-token=\"d4ffa454f98fe7caa2a9d81b822fd797\" data-token-time=\"1776322240\"><noscript class=\"wpforms-error-noscript\">Please enable JavaScript in your browser to complete this form.<\/noscript><div class=\"wpforms-field-container\"><div id=\"wpforms-618-field_0-container\" class=\"wpforms-field wpforms-field-name\" data-field-id=\"0\"><label class=\"wpforms-field-label\">Name <span class=\"wpforms-required-label\">*<\/span><\/label><div class=\"wpforms-field-row wpforms-field-medium\"><div class=\"wpforms-field-row-block wpforms-first wpforms-one-half\"><input type=\"text\" id=\"wpforms-618-field_0\" class=\"wpforms-field-name-first wpforms-field-required\" name=\"wpforms[fields][0][first]\" required><label for=\"wpforms-618-field_0\" class=\"wpforms-field-sublabel after\">First<\/label><\/div><div class=\"wpforms-field-row-block wpforms-one-half\"><input type=\"text\" id=\"wpforms-618-field_0-last\" class=\"wpforms-field-name-last wpforms-field-required\" name=\"wpforms[fields][0][last]\" required><label for=\"wpforms-618-field_0-last\" class=\"wpforms-field-sublabel after\">Last<\/label><\/div><\/div><\/div><div id=\"wpforms-618-field_1-container\" class=\"wpforms-field wpforms-field-email\" data-field-id=\"1\"><label class=\"wpforms-field-label\" for=\"wpforms-618-field_1\">E-Mail <span class=\"wpforms-required-label\">*<\/span><\/label><input type=\"email\" id=\"wpforms-618-field_1\" class=\"wpforms-field-medium wpforms-field-required\" name=\"wpforms[fields][1]\" spellcheck=\"false\" required><\/div><div id=\"wpforms-618-field_3-container\" class=\"wpforms-field wpforms-field-phone\" data-field-id=\"3\"><label class=\"wpforms-field-label\" for=\"wpforms-618-field_3\">Telefon<\/label><input type=\"tel\" id=\"wpforms-618-field_3\" class=\"wpforms-field-medium wpforms-smart-phone-field\" data-rule-smart-phone-field=\"true\" name=\"wpforms[fields][3]\" aria-label=\"Telefon\" ><\/div><div id=\"wpforms-618-field_4-container\" class=\"wpforms-field wpforms-field-text\" data-field-id=\"4\"><label class=\"wpforms-field-label\" for=\"wpforms-618-field_4\">Firma<\/label><input type=\"text\" id=\"wpforms-618-field_4\" class=\"wpforms-field-medium\" name=\"wpforms[fields][4]\" ><\/div><div id=\"wpforms-618-field_2-container\" class=\"wpforms-field wpforms-field-textarea\" data-field-id=\"2\"><label class=\"wpforms-field-label\" for=\"wpforms-618-field_2\">Ihre Anfrage <span class=\"wpforms-required-label\">*<\/span><\/label><textarea id=\"wpforms-618-field_2\" class=\"wpforms-field-medium wpforms-field-required wpforms-limit-words-enabled\" data-form-id=\"618\" data-field-id=\"2\" data-text-limit=\"500\" name=\"wpforms[fields][2]\" required><\/textarea><\/div><\/div><!-- .wpforms-field-container --><div class=\"wpforms-submit-container\" ><input type=\"hidden\" name=\"wpforms[id]\" value=\"618\"><input type=\"hidden\" name=\"page_title\" value=\"\"><input type=\"hidden\" name=\"page_url\" value=\"https:\/\/www.kaiser-vision.de\/en\/wp-json\/wp\/v2\/pages\/596\"><input type=\"hidden\" name=\"url_referer\" value=\"\"><button type=\"submit\" name=\"wpforms[submit]\" id=\"wpforms-submit-618\" class=\"wpforms-submit\" data-alt-text=\"Senden...\" data-submit-text=\"Anfrage absenden\" aria-live=\"assertive\" value=\"wpforms-submit\">Anfrage absenden<\/button><\/div><\/form><\/div>  <!-- .wpforms-container -->","protected":false},"excerpt":{"rendered":"","protected":false},"author":1,"featured_media":0,"parent":0,"menu_order":0,"comment_status":"closed","ping_status":"closed","template":"","meta":{"neve_meta_sidebar":"full-width","neve_meta_container":"","neve_meta_enable_content_width":"on","neve_meta_content_width":100,"neve_meta_title_alignment":"","neve_meta_author_avatar":"","neve_post_elements_order":"","neve_meta_disable_header":"","neve_meta_disable_footer":"","neve_meta_disable_title":"on","footnotes":""},"class_list":["post-596","page","type-page","status-publish","hentry"],"yoast_head":"<!-- This site is optimized with the Yoast SEO plugin v27.1.1 - https:\/\/yoast.com\/product\/yoast-seo-wordpress\/ -->\n<title>kvClosure - Anwesenheitspr\u00fcfung von Verschlussetiketten<\/title>\n<meta name=\"description\" content=\"Mit kvClosure k\u00f6nnen Sie Verschlussetiketten zuverl\u00e4ssig auf Anwesenheit, Form und Platzierung pr\u00fcfen. Erfahren Sie mehr!\" \/>\n<meta name=\"robots\" content=\"index, follow, max-snippet:-1, max-image-preview:large, max-video-preview:-1\" \/>\n<link rel=\"canonical\" href=\"https:\/\/www.kaiser-vision.de\/en\/kvclosure\/\" \/>\n<meta property=\"og:locale\" content=\"en_US\" \/>\n<meta property=\"og:type\" content=\"article\" \/>\n<meta property=\"og:title\" content=\"kvClosure - Anwesenheitspr\u00fcfung von Verschlussetiketten\" \/>\n<meta property=\"og:description\" content=\"Mit kvClosure k\u00f6nnen Sie Verschlussetiketten zuverl\u00e4ssig auf Anwesenheit, Form und Platzierung pr\u00fcfen. Erfahren Sie mehr!\" \/>\n<meta property=\"og:url\" content=\"https:\/\/www.kaiser-vision.de\/en\/kvclosure\/\" \/>\n<meta property=\"og:site_name\" content=\"Kaiser Vision GmbH\" \/>\n<meta property=\"article:modified_time\" content=\"2023-04-25T14:00:34+00:00\" \/>\n<meta property=\"og:image\" content=\"https:\/\/www.kaiser-vision.de\/wp-content\/uploads\/2022\/09\/kvClosure_Header.jpg\" \/>\n<meta name=\"twitter:card\" content=\"summary_large_image\" \/>\n<meta name=\"twitter:label1\" content=\"Est. reading time\" \/>\n\t<meta name=\"twitter:data1\" content=\"2 minutes\" \/>\n<script type=\"application\/ld+json\" class=\"yoast-schema-graph\">{\"@context\":\"https:\/\/schema.org\",\"@graph\":[{\"@type\":\"WebPage\",\"@id\":\"https:\/\/www.kaiser-vision.de\/kvclosure\/\",\"url\":\"https:\/\/www.kaiser-vision.de\/kvclosure\/\",\"name\":\"kvClosure - Anwesenheitspr\u00fcfung von Verschlussetiketten\",\"isPartOf\":{\"@id\":\"https:\/\/www.kaiser-vision.de\/#website\"},\"primaryImageOfPage\":{\"@id\":\"https:\/\/www.kaiser-vision.de\/kvclosure\/#primaryimage\"},\"image\":{\"@id\":\"https:\/\/www.kaiser-vision.de\/kvclosure\/#primaryimage\"},\"thumbnailUrl\":\"https:\/\/www.kaiser-vision.de\/wp-content\/uploads\/2022\/09\/kvClosure_Header.jpg\",\"datePublished\":\"2022-09-26T15:56:11+00:00\",\"dateModified\":\"2023-04-25T14:00:34+00:00\",\"description\":\"Mit kvClosure k\u00f6nnen Sie Verschlussetiketten zuverl\u00e4ssig auf Anwesenheit, Form und Platzierung pr\u00fcfen. Erfahren Sie mehr!\",\"breadcrumb\":{\"@id\":\"https:\/\/www.kaiser-vision.de\/kvclosure\/#breadcrumb\"},\"inLanguage\":\"en-US\",\"potentialAction\":[{\"@type\":\"ReadAction\",\"target\":[\"https:\/\/www.kaiser-vision.de\/kvclosure\/\"]}]},{\"@type\":\"ImageObject\",\"inLanguage\":\"en-US\",\"@id\":\"https:\/\/www.kaiser-vision.de\/kvclosure\/#primaryimage\",\"url\":\"https:\/\/www.kaiser-vision.de\/wp-content\/uploads\/2022\/09\/kvClosure_Header.jpg\",\"contentUrl\":\"https:\/\/www.kaiser-vision.de\/wp-content\/uploads\/2022\/09\/kvClosure_Header.jpg\"},{\"@type\":\"BreadcrumbList\",\"@id\":\"https:\/\/www.kaiser-vision.de\/kvclosure\/#breadcrumb\",\"itemListElement\":[{\"@type\":\"ListItem\",\"position\":1,\"name\":\"Startseite\",\"item\":\"https:\/\/www.kaiser-vision.de\/\"},{\"@type\":\"ListItem\",\"position\":2,\"name\":\"kvClosure\"}]},{\"@type\":\"WebSite\",\"@id\":\"https:\/\/www.kaiser-vision.de\/#website\",\"url\":\"https:\/\/www.kaiser-vision.de\/\",\"name\":\"Kaiser Vision GmbH\",\"description\":\"We ensure your quality\",\"publisher\":{\"@id\":\"https:\/\/www.kaiser-vision.de\/#organization\"},\"potentialAction\":[{\"@type\":\"SearchAction\",\"target\":{\"@type\":\"EntryPoint\",\"urlTemplate\":\"https:\/\/www.kaiser-vision.de\/?s={search_term_string}\"},\"query-input\":{\"@type\":\"PropertyValueSpecification\",\"valueRequired\":true,\"valueName\":\"search_term_string\"}}],\"inLanguage\":\"en-US\"},{\"@type\":\"Organization\",\"@id\":\"https:\/\/www.kaiser-vision.de\/#organization\",\"name\":\"Kaiser Vision GmbH\",\"url\":\"https:\/\/www.kaiser-vision.de\/\",\"logo\":{\"@type\":\"ImageObject\",\"inLanguage\":\"en-US\",\"@id\":\"https:\/\/www.kaiser-vision.de\/#\/schema\/logo\/image\/\",\"url\":\"https:\/\/www.kaiser-vision.de\/wp-content\/uploads\/2021\/05\/kvLogo_Header.png\",\"contentUrl\":\"https:\/\/www.kaiser-vision.de\/wp-content\/uploads\/2021\/05\/kvLogo_Header.png\",\"width\":1022,\"height\":256,\"caption\":\"Kaiser Vision GmbH\"},\"image\":{\"@id\":\"https:\/\/www.kaiser-vision.de\/#\/schema\/logo\/image\/\"}}]}<\/script>\n<!-- \/ Yoast SEO plugin. -->","yoast_head_json":{"title":"kvClosure - Anwesenheitspr\u00fcfung von Verschlussetiketten","description":"Mit kvClosure k\u00f6nnen Sie Verschlussetiketten zuverl\u00e4ssig auf Anwesenheit, Form und Platzierung pr\u00fcfen. Erfahren Sie mehr!","robots":{"index":"index","follow":"follow","max-snippet":"max-snippet:-1","max-image-preview":"max-image-preview:large","max-video-preview":"max-video-preview:-1"},"canonical":"https:\/\/www.kaiser-vision.de\/en\/kvclosure\/","og_locale":"en_US","og_type":"article","og_title":"kvClosure - Anwesenheitspr\u00fcfung von Verschlussetiketten","og_description":"Mit kvClosure k\u00f6nnen Sie Verschlussetiketten zuverl\u00e4ssig auf Anwesenheit, Form und Platzierung pr\u00fcfen. Erfahren Sie mehr!","og_url":"https:\/\/www.kaiser-vision.de\/en\/kvclosure\/","og_site_name":"Kaiser Vision GmbH","article_modified_time":"2023-04-25T14:00:34+00:00","og_image":[{"url":"https:\/\/www.kaiser-vision.de\/wp-content\/uploads\/2022\/09\/kvClosure_Header.jpg","type":"","width":"","height":""}],"twitter_card":"summary_large_image","twitter_misc":{"Est. reading time":"2 minutes"},"schema":{"@context":"https:\/\/schema.org","@graph":[{"@type":"WebPage","@id":"https:\/\/www.kaiser-vision.de\/kvclosure\/","url":"https:\/\/www.kaiser-vision.de\/kvclosure\/","name":"kvClosure - Anwesenheitspr\u00fcfung von Verschlussetiketten","isPartOf":{"@id":"https:\/\/www.kaiser-vision.de\/#website"},"primaryImageOfPage":{"@id":"https:\/\/www.kaiser-vision.de\/kvclosure\/#primaryimage"},"image":{"@id":"https:\/\/www.kaiser-vision.de\/kvclosure\/#primaryimage"},"thumbnailUrl":"https:\/\/www.kaiser-vision.de\/wp-content\/uploads\/2022\/09\/kvClosure_Header.jpg","datePublished":"2022-09-26T15:56:11+00:00","dateModified":"2023-04-25T14:00:34+00:00","description":"Mit kvClosure k\u00f6nnen Sie Verschlussetiketten zuverl\u00e4ssig auf Anwesenheit, Form und Platzierung pr\u00fcfen. Erfahren Sie mehr!","breadcrumb":{"@id":"https:\/\/www.kaiser-vision.de\/kvclosure\/#breadcrumb"},"inLanguage":"en-US","potentialAction":[{"@type":"ReadAction","target":["https:\/\/www.kaiser-vision.de\/kvclosure\/"]}]},{"@type":"ImageObject","inLanguage":"en-US","@id":"https:\/\/www.kaiser-vision.de\/kvclosure\/#primaryimage","url":"https:\/\/www.kaiser-vision.de\/wp-content\/uploads\/2022\/09\/kvClosure_Header.jpg","contentUrl":"https:\/\/www.kaiser-vision.de\/wp-content\/uploads\/2022\/09\/kvClosure_Header.jpg"},{"@type":"BreadcrumbList","@id":"https:\/\/www.kaiser-vision.de\/kvclosure\/#breadcrumb","itemListElement":[{"@type":"ListItem","position":1,"name":"Startseite","item":"https:\/\/www.kaiser-vision.de\/"},{"@type":"ListItem","position":2,"name":"kvClosure"}]},{"@type":"WebSite","@id":"https:\/\/www.kaiser-vision.de\/#website","url":"https:\/\/www.kaiser-vision.de\/","name":"Kaiser Vision GmbH","description":"We ensure your quality","publisher":{"@id":"https:\/\/www.kaiser-vision.de\/#organization"},"potentialAction":[{"@type":"SearchAction","target":{"@type":"EntryPoint","urlTemplate":"https:\/\/www.kaiser-vision.de\/?s={search_term_string}"},"query-input":{"@type":"PropertyValueSpecification","valueRequired":true,"valueName":"search_term_string"}}],"inLanguage":"en-US"},{"@type":"Organization","@id":"https:\/\/www.kaiser-vision.de\/#organization","name":"Kaiser Vision GmbH","url":"https:\/\/www.kaiser-vision.de\/","logo":{"@type":"ImageObject","inLanguage":"en-US","@id":"https:\/\/www.kaiser-vision.de\/#\/schema\/logo\/image\/","url":"https:\/\/www.kaiser-vision.de\/wp-content\/uploads\/2021\/05\/kvLogo_Header.png","contentUrl":"https:\/\/www.kaiser-vision.de\/wp-content\/uploads\/2021\/05\/kvLogo_Header.png","width":1022,"height":256,"caption":"Kaiser Vision GmbH"},"image":{"@id":"https:\/\/www.kaiser-vision.de\/#\/schema\/logo\/image\/"}}]}},"_links":{"self":[{"href":"https:\/\/www.kaiser-vision.de\/en\/wp-json\/wp\/v2\/pages\/596","targetHints":{"allow":["GET"]}}],"collection":[{"href":"https:\/\/www.kaiser-vision.de\/en\/wp-json\/wp\/v2\/pages"}],"about":[{"href":"https:\/\/www.kaiser-vision.de\/en\/wp-json\/wp\/v2\/types\/page"}],"author":[{"embeddable":true,"href":"https:\/\/www.kaiser-vision.de\/en\/wp-json\/wp\/v2\/users\/1"}],"replies":[{"embeddable":true,"href":"https:\/\/www.kaiser-vision.de\/en\/wp-json\/wp\/v2\/comments?post=596"}],"version-history":[{"count":0,"href":"https:\/\/www.kaiser-vision.de\/en\/wp-json\/wp\/v2\/pages\/596\/revisions"}],"wp:attachment":[{"href":"https:\/\/www.kaiser-vision.de\/en\/wp-json\/wp\/v2\/media?parent=596"}],"curies":[{"name":"wp","href":"https:\/\/api.w.org\/{rel}","templated":true}]}}