{"id":753,"date":"2024-02-06T17:33:29","date_gmt":"2024-02-06T17:33:29","guid":{"rendered":"https:\/\/www.kaiser-vision.de\/?page_id=753"},"modified":"2026-01-09T11:54:15","modified_gmt":"2026-01-09T11:54:15","slug":"elektroniker","status":"publish","type":"page","link":"https:\/\/www.kaiser-vision.de\/en\/elektroniker\/","title":{"rendered":"Servicetechniker"},"content":{"rendered":"<div id=\"section-g9d6928\" class=\"wp-block-gutentor-e6 section-g9d6928 gutentor-element gutentor-element-image\"><div class=\"gutentor-element-image-box\"><div class=\"gutentor-image-thumb\"><img decoding=\"async\" class=\"normal-image\" src=\"https:\/\/www.kaiser-vision.de\/wp-content\/uploads\/2024\/02\/Elektroniker_1200x400.jpg\" alt=\"Elektroniker bei der Montage eines Ger\u00e4tes\" \/><\/div><\/div><\/div>\n\n\n\n<div style=\"height:25px\" aria-hidden=\"true\" class=\"wp-block-spacer\"><\/div>\n\n\n\n<h1 class=\"wp-block-heading has-neve-link-color-color has-text-color\">Servicetechniker\/Elektroniker (m\/w\/d)<\/h1>\n\n\n\n<div id=\"section-ge3255c\" class=\"wp-block-gutentor-e1 section-ge3255c gutentor-element gutentor-element-advanced-text\"><div class=\"gutentor-text-wrap\"><p class=\"gutentor-text\"><strong>Wann?<\/strong> Ab sofort.<br><strong>Wo?<\/strong> Radebeul (bei Dresden)<br><strong>Art der Stelle?<\/strong> Unbefristet. Voll- oder Teilzeit.<\/p><\/div><\/div>\n\n\n\n<div style=\"height:10px\" aria-hidden=\"true\" class=\"wp-block-spacer\"><\/div>\n\n\n\n<div id=\"section-g62e32c\" class=\"wp-block-gutentor-e1 section-g62e32c gutentor-element gutentor-element-advanced-text\"><div class=\"gutentor-text-wrap\"><h3 class=\"gutentor-text\">Wer sind wir?<\/h3><\/div><\/div>\n\n\n\n<div id=\"section-g77aa47\" class=\"wp-block-gutentor-e1 section-g77aa47 gutentor-element gutentor-element-advanced-text\"><div class=\"gutentor-text-wrap\"><p class=\"gutentor-text\">Die Kaiser Vision GmbH ist ein kleines mittelst\u00e4ndisches Unternehmen auf Wachstumskurs. Wir entwickeln und vertreiben intelligente, kamerabasierte Inspektionssysteme f\u00fcr den Einsatz in der Druckweiterverarbeitung. Unsere Kunden sind Maschinenhersteller und Druckereien verschiedenster Gr\u00f6\u00dfe. Unsere L\u00f6sungen sichern die Produktqualit\u00e4t und tragen zur Automatisierung der Fertigungsprozesse bei. Wir stehen f\u00fcr qualitativ hochwertige Systeme mit individuellen L\u00f6sungen, nachhaltiges Wachstum und langfristige Gesch\u00e4ftsbeziehungen.<br><br>Du hast was gegen Langeweile und Lust auf Abwechslung? Du Interessierst Dich f\u00fcr Technik und packst gern mit an? Dann bist Du bei uns richtig. Aufgrund unserer Gr\u00f6\u00dfe und unserer wachsenden Produktpalette suchen wir Mitarbeiter (m\/w\/d), die mitdenken, eigenverantwortlich arbeiten k\u00f6nnen und gern \u00fcber den Tellerrand schauen.<br>\u00a0<br>Zur Unterst\u00fctzung unseres Teams suchen wir ab sofort einen Servicetechniker\/Elektroniker (m\/w\/d) in Voll- oder Teilzeit im Gro\u00dfraum Dresden.<\/p><\/div><\/div>\n\n\n\n<div id=\"section-gc81fa7\" class=\"wp-block-gutentor-e1 section-gc81fa7 gutentor-element gutentor-element-advanced-text\"><div class=\"gutentor-text-wrap\"><h3 class=\"gutentor-text\">Was sind Deine Aufgaben?<\/h3><\/div><\/div>\n\n\n\n<div id=\"section-gc4b656\" class=\"wp-block-gutentor-e1 section-gc4b656 gutentor-element gutentor-element-advanced-text\"><div class=\"gutentor-text-wrap\"><p class=\"gutentor-text\">&#8211; Erfassung Anbausituation bei Kunden<br>&#8211; Unterst\u00fctzung beim Aufbau unserer Inspektionssysteme, sowohl Verdrahtung der elektronischen Bauteile als auch diverse mechanische Arbeiten<br>&#8211; Planung der Systeminstallationen<br>&#8211; Montage, Inbetriebnahme und Schulung bei Kunden<br>&#8211; Serviceeins\u00e4tze<br><br>Je nach Qualifikation und Interesse kannst Du auch weitere T\u00e4tigkeiten \u00fcbernehmen, bspw. Fernwartungen bei Kunden oder das Testen neuer Softwareversionen.<br><\/p><\/div><\/div>\n\n\n\n<div id=\"section-g6ee228\" class=\"wp-block-gutentor-e1 section-g6ee228 gutentor-element gutentor-element-advanced-text\"><div class=\"gutentor-text-wrap\"><h3 class=\"gutentor-text\">Was solltest Du mitbringen?<\/h3><\/div><\/div>\n\n\n\n<div id=\"section-gd0aadc\" class=\"wp-block-gutentor-e1 section-gd0aadc gutentor-element gutentor-element-advanced-text\"><div class=\"gutentor-text-wrap\"><p class=\"gutentor-text\">&#8211; Kenntnisse und praktische Erfahrungen aus den Bereichen Elektronik oder Mechatronik (idealerweise passende Ausbildung, ist aber kein Muss)<br>&#8211; Handwerkliches Geschick und L\u00f6sungsorientierung bei komplizierten Montagesituationen<br>&#8211; Intuitiver Umgang mit diversen Computerprogrammen<br>&#8211; F\u00fchrerschein Klasse B und Reisebereitschaft (je nach Absprache)<br>&#8211; Flie\u00dfende Deutschkenntnisse<br>&#8211; Englischkenntnisse (w\u00fcnschenswert)<\/p><\/div><\/div>\n\n\n\n<div id=\"section-gf3091b\" class=\"wp-block-gutentor-e1 section-gf3091b gutentor-element gutentor-element-advanced-text\"><div class=\"gutentor-text-wrap\"><h3 class=\"gutentor-text\">Was bieten wir Dir?<\/h3><\/div><\/div>\n\n\n\n<div id=\"section-g80d311\" class=\"wp-block-gutentor-e1 section-g80d311 gutentor-element gutentor-element-advanced-text\"><div class=\"gutentor-text-wrap\"><p class=\"gutentor-text\">&#8211; Vielf\u00e4ltige Entwicklungsm\u00f6glichkeiten in einem kleinen aufstrebenden Unternehmen, je nach Deinen F\u00e4higkeiten und Zielen<br>&#8211; Abwechslungsreiche Aufgaben<br>&#8211; Eigenverantwortliches Arbeiten<br>&#8211; Attraktive Verg\u00fctung<br>&#8211; Urlaubs- und Weihnachtsgeld<br>&#8211; 32 Tage Urlaub pro Jahr<br>&#8211; Modernes B\u00fcro mit h\u00f6henverstellbaren Schreibtischen und guter \u00d6PNV-Anbindung<br>&#8211; Flexible Arbeitszeiten mit Gleitzeit<\/p><\/div><\/div>\n\n\n\n<div id=\"section-gd47969\" class=\"wp-block-gutentor-e1 section-gd47969 gutentor-element gutentor-element-advanced-text\"><div class=\"gutentor-text-wrap\"><h3 class=\"gutentor-text\">Wie l\u00e4uft der Bewerbungsprozess ab?<\/h3><\/div><\/div>\n\n\n\n<div id=\"section-g4458d2\" class=\"wp-block-gutentor-e1 section-g4458d2 gutentor-element gutentor-element-advanced-text\"><div class=\"gutentor-text-wrap\"><p class=\"gutentor-text\">F\u00fcr einen ersten \u00dcberblick reicht es, wenn Du uns Deinen Lebenslauf sowie Deine (Arbeits-)Zeugnisse per E-Mail an <a href=\"mailto:bewerbung@kaiser-vision.de\">bewerbung@kaiser-vision.de<\/a> sendest.<br>\u00a0<br>Sind wir an Dir interessiert, laden wir Dich zun\u00e4chst zu einem kurzen Online-Vorstellungsgespr\u00e4ch ein. Im Anschluss folgt ein Gespr\u00e4ch vor Ort.<br>\u00a0<br>Auch wenn Du die Anforderungen an diese Stelle nicht vollst\u00e4ndig erf\u00fcllst, freuen wir uns dennoch auf Deine Bewerbung. Du solltest Lust auf eine spannende, abwechslungsreiche T\u00e4tigkeit haben und handwerkliches Geschick sowie technisches Interesse mitbringen.<br><br>Bewirb dich jetzt per E-Mail an: <a href=\"mailto:bewerbung@kaiser-vision.de\">bewerbung@kaiser-vision.de<\/a><br><br>Wir freuen uns auf Dich!<br><\/p><\/div><\/div>\n\n\n\n<p><\/p>","protected":false},"excerpt":{"rendered":"<p>Servicetechniker\/Elektroniker (m\/w\/d)<\/p>","protected":false},"author":1,"featured_media":0,"parent":0,"menu_order":0,"comment_status":"closed","ping_status":"closed","template":"","meta":{"neve_meta_sidebar":"","neve_meta_container":"","neve_meta_enable_content_width":"","neve_meta_content_width":0,"neve_meta_title_alignment":"","neve_meta_author_avatar":"","neve_post_elements_order":"","neve_meta_disable_header":"","neve_meta_disable_footer":"","neve_meta_disable_title":"on","footnotes":""},"class_list":["post-753","page","type-page","status-publish","hentry"],"yoast_head":"<!-- This site is optimized with the Yoast SEO plugin v27.5 - https:\/\/yoast.com\/product\/yoast-seo-wordpress\/ -->\n<title>Servicetechniker - Kaiser Vision GmbH<\/title>\n<meta name=\"robots\" content=\"index, follow, max-snippet:-1, max-image-preview:large, max-video-preview:-1\" \/>\n<link rel=\"canonical\" href=\"https:\/\/www.kaiser-vision.de\/en\/elektroniker\/\" \/>\n<meta property=\"og:locale\" content=\"en_US\" \/>\n<meta property=\"og:type\" content=\"article\" \/>\n<meta property=\"og:title\" content=\"Servicetechniker - Kaiser Vision GmbH\" \/>\n<meta property=\"og:description\" content=\"Servicetechniker\/Elektroniker (m\/w\/d)\" \/>\n<meta property=\"og:url\" content=\"https:\/\/www.kaiser-vision.de\/en\/elektroniker\/\" \/>\n<meta property=\"og:site_name\" content=\"Kaiser Vision GmbH\" \/>\n<meta property=\"article:modified_time\" content=\"2026-01-09T11:54:15+00:00\" \/>\n<meta property=\"og:image\" content=\"https:\/\/www.kaiser-vision.de\/wp-content\/uploads\/2024\/02\/Elektroniker_1200x400.jpg\" \/>\n<meta name=\"twitter:card\" content=\"summary_large_image\" \/>\n<meta name=\"twitter:label1\" content=\"Est. reading time\" \/>\n\t<meta name=\"twitter:data1\" content=\"3 minutes\" \/>\n<script type=\"application\/ld+json\" class=\"yoast-schema-graph\">{\"@context\":\"https:\\\/\\\/schema.org\",\"@graph\":[{\"@type\":\"WebPage\",\"@id\":\"https:\\\/\\\/www.kaiser-vision.de\\\/elektroniker\\\/\",\"url\":\"https:\\\/\\\/www.kaiser-vision.de\\\/elektroniker\\\/\",\"name\":\"Servicetechniker - Kaiser Vision GmbH\",\"isPartOf\":{\"@id\":\"https:\\\/\\\/www.kaiser-vision.de\\\/#website\"},\"primaryImageOfPage\":{\"@id\":\"https:\\\/\\\/www.kaiser-vision.de\\\/elektroniker\\\/#primaryimage\"},\"image\":{\"@id\":\"https:\\\/\\\/www.kaiser-vision.de\\\/elektroniker\\\/#primaryimage\"},\"thumbnailUrl\":\"https:\\\/\\\/www.kaiser-vision.de\\\/wp-content\\\/uploads\\\/2024\\\/02\\\/Elektroniker_1200x400.jpg\",\"datePublished\":\"2024-02-06T17:33:29+00:00\",\"dateModified\":\"2026-01-09T11:54:15+00:00\",\"breadcrumb\":{\"@id\":\"https:\\\/\\\/www.kaiser-vision.de\\\/elektroniker\\\/#breadcrumb\"},\"inLanguage\":\"en-US\",\"potentialAction\":[{\"@type\":\"ReadAction\",\"target\":[\"https:\\\/\\\/www.kaiser-vision.de\\\/elektroniker\\\/\"]}]},{\"@type\":\"ImageObject\",\"inLanguage\":\"en-US\",\"@id\":\"https:\\\/\\\/www.kaiser-vision.de\\\/elektroniker\\\/#primaryimage\",\"url\":\"https:\\\/\\\/www.kaiser-vision.de\\\/wp-content\\\/uploads\\\/2024\\\/02\\\/Elektroniker_1200x400.jpg\",\"contentUrl\":\"https:\\\/\\\/www.kaiser-vision.de\\\/wp-content\\\/uploads\\\/2024\\\/02\\\/Elektroniker_1200x400.jpg\"},{\"@type\":\"BreadcrumbList\",\"@id\":\"https:\\\/\\\/www.kaiser-vision.de\\\/elektroniker\\\/#breadcrumb\",\"itemListElement\":[{\"@type\":\"ListItem\",\"position\":1,\"name\":\"Startseite\",\"item\":\"https:\\\/\\\/www.kaiser-vision.de\\\/\"},{\"@type\":\"ListItem\",\"position\":2,\"name\":\"Servicetechniker\"}]},{\"@type\":\"WebSite\",\"@id\":\"https:\\\/\\\/www.kaiser-vision.de\\\/#website\",\"url\":\"https:\\\/\\\/www.kaiser-vision.de\\\/\",\"name\":\"Kaiser Vision GmbH\",\"description\":\"We ensure your quality\",\"publisher\":{\"@id\":\"https:\\\/\\\/www.kaiser-vision.de\\\/#organization\"},\"potentialAction\":[{\"@type\":\"SearchAction\",\"target\":{\"@type\":\"EntryPoint\",\"urlTemplate\":\"https:\\\/\\\/www.kaiser-vision.de\\\/?s={search_term_string}\"},\"query-input\":{\"@type\":\"PropertyValueSpecification\",\"valueRequired\":true,\"valueName\":\"search_term_string\"}}],\"inLanguage\":\"en-US\"},{\"@type\":\"Organization\",\"@id\":\"https:\\\/\\\/www.kaiser-vision.de\\\/#organization\",\"name\":\"Kaiser Vision GmbH\",\"url\":\"https:\\\/\\\/www.kaiser-vision.de\\\/\",\"logo\":{\"@type\":\"ImageObject\",\"inLanguage\":\"en-US\",\"@id\":\"https:\\\/\\\/www.kaiser-vision.de\\\/#\\\/schema\\\/logo\\\/image\\\/\",\"url\":\"https:\\\/\\\/www.kaiser-vision.de\\\/wp-content\\\/uploads\\\/2021\\\/05\\\/kvLogo_Header.png\",\"contentUrl\":\"https:\\\/\\\/www.kaiser-vision.de\\\/wp-content\\\/uploads\\\/2021\\\/05\\\/kvLogo_Header.png\",\"width\":1022,\"height\":256,\"caption\":\"Kaiser Vision GmbH\"},\"image\":{\"@id\":\"https:\\\/\\\/www.kaiser-vision.de\\\/#\\\/schema\\\/logo\\\/image\\\/\"}}]}<\/script>\n<!-- \/ Yoast SEO plugin. -->","yoast_head_json":{"title":"Servicetechniker - Kaiser Vision GmbH","robots":{"index":"index","follow":"follow","max-snippet":"max-snippet:-1","max-image-preview":"max-image-preview:large","max-video-preview":"max-video-preview:-1"},"canonical":"https:\/\/www.kaiser-vision.de\/en\/elektroniker\/","og_locale":"en_US","og_type":"article","og_title":"Servicetechniker - Kaiser Vision GmbH","og_description":"Servicetechniker\/Elektroniker (m\/w\/d)","og_url":"https:\/\/www.kaiser-vision.de\/en\/elektroniker\/","og_site_name":"Kaiser Vision GmbH","article_modified_time":"2026-01-09T11:54:15+00:00","og_image":[{"url":"https:\/\/www.kaiser-vision.de\/wp-content\/uploads\/2024\/02\/Elektroniker_1200x400.jpg","type":"","width":"","height":""}],"twitter_card":"summary_large_image","twitter_misc":{"Est. reading time":"3 minutes"},"schema":{"@context":"https:\/\/schema.org","@graph":[{"@type":"WebPage","@id":"https:\/\/www.kaiser-vision.de\/elektroniker\/","url":"https:\/\/www.kaiser-vision.de\/elektroniker\/","name":"Servicetechniker - Kaiser Vision GmbH","isPartOf":{"@id":"https:\/\/www.kaiser-vision.de\/#website"},"primaryImageOfPage":{"@id":"https:\/\/www.kaiser-vision.de\/elektroniker\/#primaryimage"},"image":{"@id":"https:\/\/www.kaiser-vision.de\/elektroniker\/#primaryimage"},"thumbnailUrl":"https:\/\/www.kaiser-vision.de\/wp-content\/uploads\/2024\/02\/Elektroniker_1200x400.jpg","datePublished":"2024-02-06T17:33:29+00:00","dateModified":"2026-01-09T11:54:15+00:00","breadcrumb":{"@id":"https:\/\/www.kaiser-vision.de\/elektroniker\/#breadcrumb"},"inLanguage":"en-US","potentialAction":[{"@type":"ReadAction","target":["https:\/\/www.kaiser-vision.de\/elektroniker\/"]}]},{"@type":"ImageObject","inLanguage":"en-US","@id":"https:\/\/www.kaiser-vision.de\/elektroniker\/#primaryimage","url":"https:\/\/www.kaiser-vision.de\/wp-content\/uploads\/2024\/02\/Elektroniker_1200x400.jpg","contentUrl":"https:\/\/www.kaiser-vision.de\/wp-content\/uploads\/2024\/02\/Elektroniker_1200x400.jpg"},{"@type":"BreadcrumbList","@id":"https:\/\/www.kaiser-vision.de\/elektroniker\/#breadcrumb","itemListElement":[{"@type":"ListItem","position":1,"name":"Startseite","item":"https:\/\/www.kaiser-vision.de\/"},{"@type":"ListItem","position":2,"name":"Servicetechniker"}]},{"@type":"WebSite","@id":"https:\/\/www.kaiser-vision.de\/#website","url":"https:\/\/www.kaiser-vision.de\/","name":"Kaiser Vision GmbH","description":"We ensure your quality","publisher":{"@id":"https:\/\/www.kaiser-vision.de\/#organization"},"potentialAction":[{"@type":"SearchAction","target":{"@type":"EntryPoint","urlTemplate":"https:\/\/www.kaiser-vision.de\/?s={search_term_string}"},"query-input":{"@type":"PropertyValueSpecification","valueRequired":true,"valueName":"search_term_string"}}],"inLanguage":"en-US"},{"@type":"Organization","@id":"https:\/\/www.kaiser-vision.de\/#organization","name":"Kaiser Vision GmbH","url":"https:\/\/www.kaiser-vision.de\/","logo":{"@type":"ImageObject","inLanguage":"en-US","@id":"https:\/\/www.kaiser-vision.de\/#\/schema\/logo\/image\/","url":"https:\/\/www.kaiser-vision.de\/wp-content\/uploads\/2021\/05\/kvLogo_Header.png","contentUrl":"https:\/\/www.kaiser-vision.de\/wp-content\/uploads\/2021\/05\/kvLogo_Header.png","width":1022,"height":256,"caption":"Kaiser Vision GmbH"},"image":{"@id":"https:\/\/www.kaiser-vision.de\/#\/schema\/logo\/image\/"}}]}},"_links":{"self":[{"href":"https:\/\/www.kaiser-vision.de\/en\/wp-json\/wp\/v2\/pages\/753","targetHints":{"allow":["GET"]}}],"collection":[{"href":"https:\/\/www.kaiser-vision.de\/en\/wp-json\/wp\/v2\/pages"}],"about":[{"href":"https:\/\/www.kaiser-vision.de\/en\/wp-json\/wp\/v2\/types\/page"}],"author":[{"embeddable":true,"href":"https:\/\/www.kaiser-vision.de\/en\/wp-json\/wp\/v2\/users\/1"}],"replies":[{"embeddable":true,"href":"https:\/\/www.kaiser-vision.de\/en\/wp-json\/wp\/v2\/comments?post=753"}],"version-history":[{"count":0,"href":"https:\/\/www.kaiser-vision.de\/en\/wp-json\/wp\/v2\/pages\/753\/revisions"}],"wp:attachment":[{"href":"https:\/\/www.kaiser-vision.de\/en\/wp-json\/wp\/v2\/media?parent=753"}],"curies":[{"name":"wp","href":"https:\/\/api.w.org\/{rel}","templated":true}]}}